{"id":9,"date":"2019-11-27T13:28:17","date_gmt":"2019-11-27T12:28:17","guid":{"rendered":"http:\/\/fischer-textilien.de\/?page_id=9"},"modified":"2020-05-19T10:56:39","modified_gmt":"2020-05-19T08:56:39","slug":"impressum","status":"publish","type":"page","link":"https:\/\/fischer-textilien.de\/?page_id=9","title":{"rendered":"Impressum"},"content":{"rendered":"<div id=\"pl-9\"  class=\"panel-layout\" ><div id=\"pg-9-0\"  class=\"panel-grid panel-no-style\" ><div id=\"pgc-9-0-0\"  class=\"panel-grid-cell panel-grid-cell-empty\" ><\/div><div id=\"pgc-9-0-1\"  class=\"panel-grid-cell\" ><div id=\"panel-9-0-1-0\" class=\"so-panel widget widget_sow-editor panel-first-child panel-last-child\" data-index=\"0\" ><div class=\"panel-widget-style panel-widget-style-for-9-0-1-0\" ><div\n\t\t\t\n\t\t\tclass=\"so-widget-sow-editor so-widget-sow-editor-base\"\n\t\t\t\n\t\t>\n<div class=\"siteorigin-widget-tinymce textwidget\">\n\t<table cellspacing=\"1\" cellpadding=\"1\" align=\"center\">\n<tbody>\n<tr>\n<td valign=\"top\" width=\"215\"><strong>Firmenanschrift:<\/strong><\/td>\n<td width=\"532\">Fischer Textilien<br \/>\nS\u00fcdstra\u00dfe 26<br \/>\n04178 Leipzig<\/td>\n<\/tr>\n<tr>\n<td><strong>Rechtsform:<\/strong><\/td>\n<td>Einzelfirma<\/td>\n<\/tr>\n<tr>\n<td valign=\"top\"><strong>Inhaberin:<\/strong><\/td>\n<td>Frau Kerstin Saltz<\/td>\n<\/tr>\n<tr>\n<td valign=\"top\"><\/td>\n<td><\/td>\n<\/tr>\n<tr>\n<td valign=\"top\"><strong>Telefon:<\/strong><\/td>\n<td>03 41 \/ 4 41 93 23<\/td>\n<\/tr>\n<tr>\n<td valign=\"top\"><strong>Fax:<\/strong><\/td>\n<td>03 41 \/ 4 41 93 21<\/td>\n<\/tr>\n<tr>\n<td><\/td>\n<td><\/td>\n<\/tr>\n<tr>\n<td><strong>eMail:<\/strong><\/td>\n<td><a href=\"mailto:info@fischer-textilien.de\">info@fischer-textilien.de<\/a><\/td>\n<\/tr>\n<tr>\n<td><strong>Internet:<\/strong><\/td>\n<td><a href=\"https:\/\/web.archive.org\/web\/20170807214105\/http:\/\/www.fischer-textilien.de\/\">www.fischer-textilien.de<\/a><\/td>\n<\/tr>\n<tr>\n<td><\/td>\n<td><\/td>\n<\/tr>\n<tr>\n<td><strong>Steuernr.:<\/strong><\/td>\n<td>233 \/ 219 \/ 836<\/td>\n<\/tr>\n<tr>\n<td><strong>UST-IdNr:<\/strong><\/td>\n<td>DE 141 451 580<\/td>\n<\/tr>\n<tr>\n<td><\/td>\n<td><\/td>\n<\/tr>\n<tr>\n<td colspan=\"2\"><strong>Inhaltlich Verantwortlicher nach \u00a7 7 TMG:<\/strong>\u00a0Frau Kerstin Saltz<\/p>\n<p><strong>Haftungshinweis:<\/strong>\u00a0Die extern verlinkten Seiten, die nicht zu diesem Onlineangebot geh\u00f6ren, haben wir sorgf\u00e4ltig kontrolliert. F\u00fcr deren Inhalte \u00fcbernehmen wir jedoch keine Haftung. Ausschlie\u00dflich die Betreiber dieser externen Seiten sind f\u00fcr deren Inhalt verantwortlich.<\/p>\n<p><strong>Konzept, Design und Programmierung:<\/strong>\u00a0<a href=\"https:\/\/web.archive.org\/web\/20170807214105\/http:\/\/www.terra-web.de\/\" target=\"_blank\" rel=\"noopener\">Internet-Service terra-web<\/a><\/p>\n<\/td>\n<\/tr>\n<\/tbody>\n<\/table>\n<\/div>\n<\/div><\/div><\/div><\/div><\/div><\/div>","protected":false},"excerpt":{"rendered":"<p>Firmenanschrift: Fischer Textilien S\u00fcdstra\u00dfe 26 04178 Leipzig Rechtsform: Einzelfirma Inhaberin: Frau Kerstin Saltz Telefon: 03 41 \/ 4 41 93 23 Fax: 03 41 \/ 4 41 93 21 eMail: info@fischer-textilien.de Internet: www.fischer-textilien.de Steuernr.: 233 \/ 219 \/ 836 UST-IdNr: DE 141 451 580 Inhaltlich Verantwortlicher nach \u00a7 7 TMG:\u00a0Frau Kerstin Saltz Haftungshinweis:\u00a0Die extern verlinkten [&hellip;]<\/p>\n","protected":false},"author":1,"featured_media":0,"parent":0,"menu_order":0,"comment_status":"closed","ping_status":"closed","template":"","meta":{"_acf_changed":false,"footnotes":""},"class_list":["post-9","page","type-page","status-publish","hentry"],"acf":[],"rttpg_featured_image_url":null,"rttpg_author":{"display_name":"Terraweb-Master","author_link":"https:\/\/fischer-textilien.de\/?author=1"},"rttpg_comment":0,"rttpg_category":null,"rttpg_excerpt":"Firmenanschrift: Fischer Textilien S\u00fcdstra\u00dfe 26 04178 Leipzig Rechtsform: Einzelfirma Inhaberin: Frau Kerstin Saltz Telefon: 03 41 \/ 4 41 93 23 Fax: 03 41 \/ 4 41 93 21 eMail: info@fischer-textilien.de Internet: www.fischer-textilien.de Steuernr.: 233 \/ 219 \/ 836 UST-IdNr: DE 141 451 580 Inhaltlich Verantwortlicher nach \u00a7 7 TMG:\u00a0Frau Kerstin Saltz Haftungshinweis:\u00a0Die extern verlinkten&hellip;","_links":{"self":[{"href":"https:\/\/fischer-textilien.de\/index.php?rest_route=\/wp\/v2\/pages\/9","targetHints":{"allow":["GET"]}}],"collection":[{"href":"https:\/\/fischer-textilien.de\/index.php?rest_route=\/wp\/v2\/pages"}],"about":[{"href":"https:\/\/fischer-textilien.de\/index.php?rest_route=\/wp\/v2\/types\/page"}],"author":[{"embeddable":true,"href":"https:\/\/fischer-textilien.de\/index.php?rest_route=\/wp\/v2\/users\/1"}],"replies":[{"embeddable":true,"href":"https:\/\/fischer-textilien.de\/index.php?rest_route=%2Fwp%2Fv2%2Fcomments&post=9"}],"version-history":[{"count":5,"href":"https:\/\/fischer-textilien.de\/index.php?rest_route=\/wp\/v2\/pages\/9\/revisions"}],"predecessor-version":[{"id":100,"href":"https:\/\/fischer-textilien.de\/index.php?rest_route=\/wp\/v2\/pages\/9\/revisions\/100"}],"wp:attachment":[{"href":"https:\/\/fischer-textilien.de\/index.php?rest_route=%2Fwp%2Fv2%2Fmedia&parent=9"}],"curies":[{"name":"wp","href":"https:\/\/api.w.org\/{rel}","templated":true}]}}