{"id":6,"date":"2019-11-27T13:27:38","date_gmt":"2019-11-27T12:27:38","guid":{"rendered":"http:\/\/fischer-textilien.de\/?page_id=6"},"modified":"2019-11-27T13:27:38","modified_gmt":"2019-11-27T12:27:38","slug":"start","status":"publish","type":"page","link":"https:\/\/fischer-textilien.de\/","title":{"rendered":"Start"},"content":{"rendered":"<div id=\"pl-6\"  class=\"panel-layout\" ><div id=\"pg-6-0\"  class=\"panel-grid panel-no-style\" ><div id=\"pgc-6-0-0\"  class=\"panel-grid-cell panel-grid-cell-empty\" ><\/div><div id=\"pgc-6-0-1\"  class=\"panel-grid-cell panel-grid-cell-mobile-last\" ><div id=\"panel-6-0-1-0\" class=\"so-panel widget widget_sow-editor panel-first-child\" data-index=\"0\" ><div class=\"panel-widget-style panel-widget-style-for-6-0-1-0\" ><div\n\t\t\t\n\t\t\tclass=\"so-widget-sow-editor so-widget-sow-editor-base\"\n\t\t\t\n\t\t>\n<div class=\"siteorigin-widget-tinymce textwidget\">\n\t<p style=\"text-align: center;\">Die Firma Fischer-Textilien begr\u00fc\u00dft Sie herzlich<br \/>\nin unserem Online-Shop f\u00fcr Arbeits- und Berufsbekleidung!<\/p>\n<\/div>\n<\/div><\/div><\/div><div id=\"panel-6-0-1-1\" class=\"so-panel widget widget_sow-editor panel-last-child\" data-index=\"1\" ><div\n\t\t\t\n\t\t\tclass=\"so-widget-sow-editor so-widget-sow-editor-base\"\n\t\t\t\n\t\t>\n<div class=\"siteorigin-widget-tinymce textwidget\">\n\t<p>Sollten Sie in unserem Onlineshop ein gew\u00fcnschtes Produkt nicht finden,<br \/>\nschicken Sie uns einfach <a href=\"mailto:info@fischer-textilien.de\">eine E-Mail<\/a>.<\/p>\n<\/div>\n<\/div><\/div><\/div><div id=\"pgc-6-0-2\"  class=\"panel-grid-cell panel-grid-cell-empty\" ><\/div><\/div><\/div>","protected":false},"excerpt":{"rendered":"<p>Die Firma Fischer-Textilien begr\u00fc\u00dft Sie herzlich in unserem Online-Shop f\u00fcr Arbeits- und Berufsbekleidung! Sollten Sie in unserem Onlineshop ein gew\u00fcnschtes Produkt nicht finden, schicken Sie uns einfach eine E-Mail.<\/p>\n","protected":false},"author":1,"featured_media":0,"parent":0,"menu_order":0,"comment_status":"closed","ping_status":"closed","template":"","meta":{"_acf_changed":false,"footnotes":""},"class_list":["post-6","page","type-page","status-publish","hentry"],"acf":[],"rttpg_featured_image_url":null,"rttpg_author":{"display_name":"Terraweb-Master","author_link":"https:\/\/fischer-textilien.de\/?author=1"},"rttpg_comment":0,"rttpg_category":null,"rttpg_excerpt":"Die Firma Fischer-Textilien begr\u00fc\u00dft Sie herzlich in unserem Online-Shop f\u00fcr Arbeits- und Berufsbekleidung! Sollten Sie in unserem Onlineshop ein gew\u00fcnschtes Produkt nicht finden, schicken Sie uns einfach eine E-Mail.","_links":{"self":[{"href":"https:\/\/fischer-textilien.de\/index.php?rest_route=\/wp\/v2\/pages\/6","targetHints":{"allow":["GET"]}}],"collection":[{"href":"https:\/\/fischer-textilien.de\/index.php?rest_route=\/wp\/v2\/pages"}],"about":[{"href":"https:\/\/fischer-textilien.de\/index.php?rest_route=\/wp\/v2\/types\/page"}],"author":[{"embeddable":true,"href":"https:\/\/fischer-textilien.de\/index.php?rest_route=\/wp\/v2\/users\/1"}],"replies":[{"embeddable":true,"href":"https:\/\/fischer-textilien.de\/index.php?rest_route=%2Fwp%2Fv2%2Fcomments&post=6"}],"version-history":[{"count":1,"href":"https:\/\/fischer-textilien.de\/index.php?rest_route=\/wp\/v2\/pages\/6\/revisions"}],"predecessor-version":[{"id":7,"href":"https:\/\/fischer-textilien.de\/index.php?rest_route=\/wp\/v2\/pages\/6\/revisions\/7"}],"wp:attachment":[{"href":"https:\/\/fischer-textilien.de\/index.php?rest_route=%2Fwp%2Fv2%2Fmedia&parent=6"}],"curies":[{"name":"wp","href":"https:\/\/api.w.org\/{rel}","templated":true}]}}